{"id":86,"date":"2016-02-08T16:03:34","date_gmt":"2016-02-08T16:03:34","guid":{"rendered":"http:\/\/demo.qkthemes.net\/transgo\/?page_id=86"},"modified":"2019-10-02T12:34:34","modified_gmt":"2019-10-02T12:34:34","slug":"hizmetlerimiz","status":"publish","type":"page","link":"https:\/\/www.ravzamedikal.com.tr\/en\/hizmetlerimiz\/","title":{"rendered":"OUR SERVICES"},"content":{"rendered":"<div class=\"vc_row wpb_row vc_row-fluid\"><div class=\"container\"><div class=\"row\"><div class=\"wpb_column vc_column_container vc_col-sm-6\"><div class=\"vc_column-inner\"><div class=\"wpb_wrapper\">\n<div class=\"services-post\">\n\t    <img src=\"https:\/\/www.ravzamedikal.com.tr\/wp-content\/uploads\/2019\/09\/mr-tomografi.jpg\" alt=\"MR TOMOGRAF\u0130 TEKN\u0130K SERV\u0130S\" class=\"img-responsive\">\n\t<h2>MR TOMOGRAF\u0130 TEKN\u0130K SERV\u0130S<\/h2>\n\t<p>Hitachi ve Siemens marka CT ve MR cihazlar\u0131n\u0131z i\u00e7in bak\u0131m onar\u0131m, demontaj<br \/>\nmontaj uzman ekip ile \u00e7\u00f6z\u00fcm sunmaktay\u0131z.<\/p>\n\t\t<a href=\"http:\/\/hizmetlerimiz\/mr-tomografi-teknik-servis\/\">Read More<\/a>\n\t<\/div>\n<\/div><\/div><\/div><div class=\"wpb_column vc_column_container vc_col-sm-6\"><div class=\"vc_column-inner\"><div class=\"wpb_wrapper\">\n<div class=\"services-post\">\n\t    <img src=\"https:\/\/www.ravzamedikal.com.tr\/wp-content\/uploads\/2019\/09\/endoskopi.jpg\" alt=\"FLEX\u0130BLE ENDOSKOP\u0130 TEKN\u0130K SERV\u0130S\" class=\"img-responsive\">\n\t<h2>FLEX\u0130BLE ENDOSKOP\u0130 TEKN\u0130K SERV\u0130S<\/h2>\n\t<p>Fujinon ve Pentax marka endoskopi cihazlar\u0131n\u0131z\u0131n onar\u0131m\u0131 uzman kadromuz<br \/>\ntaraf\u0131ndan yap\u0131lmaktad\u0131r.<\/p>\n\t\t<a href=\"https:\/\/www.ravzamedikal.com.tr\/en\/hizmetlerimiz\/flexible-endoskopi-teknik-servis\/\">Read More<\/a>\n\t<\/div>\n<\/div><\/div><\/div><\/div><\/div><\/div><div class=\"vc_row wpb_row vc_row-fluid\"><div class=\"container\"><div class=\"row\"><div class=\"wpb_column vc_column_container vc_col-sm-6\"><div class=\"vc_column-inner\"><div class=\"wpb_wrapper\">\n<div class=\"services-post\">\n\t    <img src=\"https:\/\/www.ravzamedikal.com.tr\/wp-content\/uploads\/2019\/10\/0aabafc6-f7c2-4491-87b7-6984a60f0d98.jpg\" alt=\"RF ODASI \u0130MALATI\" class=\"img-responsive\">\n\t<h2>RF ODASI \u0130MALATI<\/h2>\n\t<p>A\u00e7\u0131k yada kapal\u0131 mr i\u00e7in rf odas\u0131 imalat\u0131m\u0131z ile hizmetinizdeyiz. Dekorasyon<br \/>\ndahil yada dekorasyon hari\u00e7, bak\u0131r yada galvaniz rf odas\u0131 ihtiya\u00e7lar\u0131n\u0131za<br \/>\n\u00e7\u00f6z\u00fcm sunmaktay\u0131z.<\/p>\n\t\t<a href=\"https:\/\/www.ravzamedikal.com.tr\/en\/hizmetlerimiz\/rf-odasi-imalati\/\">Read More<\/a>\n\t<\/div>\n<\/div><\/div><\/div><\/div><\/div><\/div>","protected":false},"excerpt":{"rendered":"MR TOMOGRAF\u0130 TEKN\u0130K SERV\u0130S Hitachi ve Siemens marka CT ve MR cihazlar\u0131n\u0131z i\u00e7in bak\u0131m onar\u0131m, demontaj montaj uzman ekip ile \u00e7\u00f6z\u00fcm sunmaktay\u0131z. Read More FLEX\u0130BLE ENDOSKOP\u0130 TEKN\u0130K SERV\u0130S Fujinon ve...","protected":false},"author":1,"featured_media":0,"parent":0,"menu_order":0,"comment_status":"closed","ping_status":"closed","template":"template-page_leftbar.php","meta":[],"_links":{"self":[{"href":"https:\/\/www.ravzamedikal.com.tr\/en\/wp-json\/wp\/v2\/pages\/86"}],"collection":[{"href":"https:\/\/www.ravzamedikal.com.tr\/en\/wp-json\/wp\/v2\/pages"}],"about":[{"href":"https:\/\/www.ravzamedikal.com.tr\/en\/wp-json\/wp\/v2\/types\/page"}],"author":[{"embeddable":true,"href":"https:\/\/www.ravzamedikal.com.tr\/en\/wp-json\/wp\/v2\/users\/1"}],"replies":[{"embeddable":true,"href":"https:\/\/www.ravzamedikal.com.tr\/en\/wp-json\/wp\/v2\/comments?post=86"}],"version-history":[{"count":2,"href":"https:\/\/www.ravzamedikal.com.tr\/en\/wp-json\/wp\/v2\/pages\/86\/revisions"}],"predecessor-version":[{"id":247,"href":"https:\/\/www.ravzamedikal.com.tr\/en\/wp-json\/wp\/v2\/pages\/86\/revisions\/247"}],"wp:attachment":[{"href":"https:\/\/www.ravzamedikal.com.tr\/en\/wp-json\/wp\/v2\/media?parent=86"}],"curies":[{"name":"wp","href":"https:\/\/api.w.org\/{rel}","templated":true}]}}