{"id":71,"date":"2016-02-08T15:43:48","date_gmt":"2016-02-08T15:43:48","guid":{"rendered":"http:\/\/demo.qkthemes.net\/transgo\/?page_id=71"},"modified":"2022-04-11T18:00:50","modified_gmt":"2022-04-11T18:00:50","slug":"hakkimizda","status":"publish","type":"page","link":"https:\/\/www.ravzamedikal.com.tr\/en\/hakkimizda\/","title":{"rendered":"ABOUT US"},"content":{"rendered":"<div class=\"vc_row wpb_row vc_row-fluid tabs-section\"><div class=\"container\"><div class=\"row\"><div class=\"about-us-box wpb_column vc_column_container vc_col-sm-7\"><div class=\"vc_column-inner\"><div class=\"wpb_wrapper\">\n\t<div class=\"wpb_text_column wpb_content_element\" >\n\t\t<div class=\"wpb_wrapper\">\n\t\t\t<h1>ABOUT US<\/h1>\n<p style=\"font-weight: 400;\">On 2008 we created our company for technical support for Hitachi CT and MRI devices. With our specialist technical team we support your devices. We produce RF Room for every MRI devices.  We move MRI and CT devices with deinstallation and installation. Our main Office in ISTANBUL T\u00dcRK\u0130YE.  We have technical team in DUBAI UAE. Main Office team with Dubai team , together we support your devices for all World. Please check our store for our  spare parts. We sell used CT and MRI that all of ready to ship.<\/p>\n\n\t\t<\/div>\n\t<\/div>\n<\/div><\/div><\/div><div class=\"about-box wpb_column vc_column_container vc_col-sm-5\"><div class=\"vc_column-inner\"><div class=\"wpb_wrapper\">\n\t<div  class=\"wpb_single_image wpb_content_element vc_align_left\">\n\t\t\n\t\t<figure class=\"wpb_wrapper vc_figure\">\n\t\t\t<div class=\"vc_single_image-wrapper   vc_box_border_grey\"><img width=\"640\" height=\"480\" src=\"https:\/\/www.ravzamedikal.com.tr\/wp-content\/uploads\/2019\/09\/08f1532b-59ad-4ae7-8d4f-9042961bedec.jpg\" class=\"vc_single_image-img attachment-full\" alt=\"\" loading=\"lazy\" srcset=\"https:\/\/www.ravzamedikal.com.tr\/wp-content\/uploads\/2019\/09\/08f1532b-59ad-4ae7-8d4f-9042961bedec.jpg 640w, https:\/\/www.ravzamedikal.com.tr\/wp-content\/uploads\/2019\/09\/08f1532b-59ad-4ae7-8d4f-9042961bedec-300x225.jpg 300w\" sizes=\"(max-width: 640px) 100vw, 640px\" \/><\/div>\n\t\t<\/figure>\n\t<\/div>\n<\/div><\/div><\/div><\/div><\/div><\/div>","protected":false},"excerpt":{"rendered":"HAKKIMIZDA Hitachi marka mr ve ct cihazlar\u0131na teknik servis hizmeti vermek i\u00e7in 2008 y\u0131l\u0131nda kuruldu. Kuruldu\u011fu g\u00fcnden beri deneyimli kadrosu ile cihazlar\u0131n\u0131z\u0131 aktif durumda tutmaktad\u0131r. Her marka mr cihaz\u0131 i\u00e7in...","protected":false},"author":1,"featured_media":0,"parent":0,"menu_order":0,"comment_status":"closed","ping_status":"closed","template":"template-page_fullwidth.php","meta":[],"_links":{"self":[{"href":"https:\/\/www.ravzamedikal.com.tr\/en\/wp-json\/wp\/v2\/pages\/71"}],"collection":[{"href":"https:\/\/www.ravzamedikal.com.tr\/en\/wp-json\/wp\/v2\/pages"}],"about":[{"href":"https:\/\/www.ravzamedikal.com.tr\/en\/wp-json\/wp\/v2\/types\/page"}],"author":[{"embeddable":true,"href":"https:\/\/www.ravzamedikal.com.tr\/en\/wp-json\/wp\/v2\/users\/1"}],"replies":[{"embeddable":true,"href":"https:\/\/www.ravzamedikal.com.tr\/en\/wp-json\/wp\/v2\/comments?post=71"}],"version-history":[{"count":3,"href":"https:\/\/www.ravzamedikal.com.tr\/en\/wp-json\/wp\/v2\/pages\/71\/revisions"}],"predecessor-version":[{"id":279,"href":"https:\/\/www.ravzamedikal.com.tr\/en\/wp-json\/wp\/v2\/pages\/71\/revisions\/279"}],"wp:attachment":[{"href":"https:\/\/www.ravzamedikal.com.tr\/en\/wp-json\/wp\/v2\/media?parent=71"}],"curies":[{"name":"wp","href":"https:\/\/api.w.org\/{rel}","templated":true}]}}