{"id":117,"date":"2016-02-09T03:16:13","date_gmt":"2016-02-09T03:16:13","guid":{"rendered":"http:\/\/demo.qkthemes.net\/transgo\/?page_id=117"},"modified":"2019-09-30T16:28:50","modified_gmt":"2019-09-30T16:28:50","slug":"flexible-endoskopi-teknik-servis","status":"publish","type":"page","link":"https:\/\/www.ravzamedikal.com.tr\/en\/hizmetlerimiz\/flexible-endoskopi-teknik-servis\/","title":{"rendered":"Flexible Endoskopi Teknik Servis"},"content":{"rendered":"<div class=\"vc_row wpb_row vc_row-fluid\"><div class=\"container\"><div class=\"row\"><div class=\"wpb_column vc_column_container vc_col-sm-4\"><div class=\"vc_column-inner\"><div class=\"wpb_wrapper\">\n\t<div  class=\"wpb_single_image wpb_content_element vc_align_left\">\n\t\t\n\t\t<figure class=\"wpb_wrapper vc_figure\">\n\t\t\t<div class=\"vc_single_image-wrapper   vc_box_border_grey\"><img width=\"1600\" height=\"1200\" src=\"https:\/\/www.ravzamedikal.com.tr\/wp-content\/uploads\/2019\/09\/25b2f4a7-76e0-42f3-85e4-08a3d47e368c.jpg\" class=\"vc_single_image-img attachment-full\" alt=\"\" loading=\"lazy\" srcset=\"https:\/\/www.ravzamedikal.com.tr\/wp-content\/uploads\/2019\/09\/25b2f4a7-76e0-42f3-85e4-08a3d47e368c.jpg 1600w, https:\/\/www.ravzamedikal.com.tr\/wp-content\/uploads\/2019\/09\/25b2f4a7-76e0-42f3-85e4-08a3d47e368c-300x225.jpg 300w, https:\/\/www.ravzamedikal.com.tr\/wp-content\/uploads\/2019\/09\/25b2f4a7-76e0-42f3-85e4-08a3d47e368c-768x576.jpg 768w, https:\/\/www.ravzamedikal.com.tr\/wp-content\/uploads\/2019\/09\/25b2f4a7-76e0-42f3-85e4-08a3d47e368c-1024x768.jpg 1024w\" sizes=\"(max-width: 1600px) 100vw, 1600px\" \/><\/div>\n\t\t<\/figure>\n\t<\/div>\n<\/div><\/div><\/div><div class=\"wpb_column vc_column_container vc_col-sm-4\"><div class=\"vc_column-inner\"><div class=\"wpb_wrapper\">\n\t<div  class=\"wpb_single_image wpb_content_element vc_align_left\">\n\t\t\n\t\t<figure class=\"wpb_wrapper vc_figure\">\n\t\t\t<div class=\"vc_single_image-wrapper   vc_box_border_grey\"><img width=\"1600\" height=\"1200\" src=\"https:\/\/www.ravzamedikal.com.tr\/wp-content\/uploads\/2019\/09\/a2.jpg\" class=\"vc_single_image-img attachment-full\" alt=\"\" loading=\"lazy\" srcset=\"https:\/\/www.ravzamedikal.com.tr\/wp-content\/uploads\/2019\/09\/a2.jpg 1600w, https:\/\/www.ravzamedikal.com.tr\/wp-content\/uploads\/2019\/09\/a2-300x225.jpg 300w, https:\/\/www.ravzamedikal.com.tr\/wp-content\/uploads\/2019\/09\/a2-768x576.jpg 768w, https:\/\/www.ravzamedikal.com.tr\/wp-content\/uploads\/2019\/09\/a2-1024x768.jpg 1024w\" sizes=\"(max-width: 1600px) 100vw, 1600px\" \/><\/div>\n\t\t<\/figure>\n\t<\/div>\n<\/div><\/div><\/div><div class=\"wpb_column vc_column_container vc_col-sm-4\"><div class=\"vc_column-inner\"><div class=\"wpb_wrapper\">\n\t<div  class=\"wpb_single_image wpb_content_element vc_align_left\">\n\t\t\n\t\t<figure class=\"wpb_wrapper vc_figure\">\n\t\t\t<div class=\"vc_single_image-wrapper   vc_box_border_grey\"><img width=\"1600\" height=\"1200\" src=\"https:\/\/www.ravzamedikal.com.tr\/wp-content\/uploads\/2019\/09\/a3.jpg\" class=\"vc_single_image-img attachment-full\" alt=\"\" loading=\"lazy\" srcset=\"https:\/\/www.ravzamedikal.com.tr\/wp-content\/uploads\/2019\/09\/a3.jpg 1600w, https:\/\/www.ravzamedikal.com.tr\/wp-content\/uploads\/2019\/09\/a3-300x225.jpg 300w, https:\/\/www.ravzamedikal.com.tr\/wp-content\/uploads\/2019\/09\/a3-768x576.jpg 768w, https:\/\/www.ravzamedikal.com.tr\/wp-content\/uploads\/2019\/09\/a3-1024x768.jpg 1024w\" sizes=\"(max-width: 1600px) 100vw, 1600px\" \/><\/div>\n\t\t<\/figure>\n\t<\/div>\n<\/div><\/div><\/div><\/div><\/div><\/div><div class=\"vc_row wpb_row vc_row-fluid\"><div class=\"container\"><div class=\"row\"><div class=\"wpb_column vc_column_container vc_col-sm-12\"><div class=\"vc_column-inner\"><div class=\"wpb_wrapper\">\n\t<div class=\"wpb_raw_code wpb_content_element wpb_raw_html\" >\n\t\t<div class=\"wpb_wrapper\">\n\t\t\t<h2>flexible endoskopi teknik servis<\/h2>\n<p>Fujinon ve Pentax marka endoskopi cihazlar\u0131n\u0131z\u0131n onar\u0131m\u0131 uzman kadromuz\ntaraf\u0131ndan yap\u0131lmaktad\u0131r. 2. El set yada endoskop sat\u0131\u015flar\u0131m\u0131zla\nhizmetinizdeyiz. \u0130htiya\u00e7 duydu\u011funuz aksesuar ve endoskopi dolab\u0131 i\u00e7in\nileti\u015fime ge\u00e7iniz<\/p>\n\t\t<\/div>\n\t<\/div>\n<\/div><\/div><\/div><\/div><\/div><\/div><div class=\"vc_row wpb_row vc_row-fluid\"><div class=\"container\"><div class=\"row\"><div class=\"wpb_column vc_column_container vc_col-sm-6\"><div class=\"vc_column-inner\"><div class=\"wpb_wrapper\">\n\t<div  class=\"wpb_single_image wpb_content_element vc_align_left\">\n\t\t\n\t\t<figure class=\"wpb_wrapper vc_figure\">\n\t\t\t<div class=\"vc_single_image-wrapper   vc_box_border_grey\"><img width=\"1600\" height=\"1200\" src=\"https:\/\/www.ravzamedikal.com.tr\/wp-content\/uploads\/2019\/09\/1.jpg\" class=\"vc_single_image-img attachment-full\" alt=\"\" loading=\"lazy\" srcset=\"https:\/\/www.ravzamedikal.com.tr\/wp-content\/uploads\/2019\/09\/1.jpg 1600w, https:\/\/www.ravzamedikal.com.tr\/wp-content\/uploads\/2019\/09\/1-300x225.jpg 300w, https:\/\/www.ravzamedikal.com.tr\/wp-content\/uploads\/2019\/09\/1-768x576.jpg 768w, https:\/\/www.ravzamedikal.com.tr\/wp-content\/uploads\/2019\/09\/1-1024x768.jpg 1024w\" sizes=\"(max-width: 1600px) 100vw, 1600px\" \/><\/div>\n\t\t<\/figure>\n\t<\/div>\n<\/div><\/div><\/div><div class=\"wpb_column vc_column_container vc_col-sm-6\"><div class=\"vc_column-inner\"><div class=\"wpb_wrapper\">\n\t<div  class=\"wpb_single_image wpb_content_element vc_align_left\">\n\t\t\n\t\t<figure class=\"wpb_wrapper vc_figure\">\n\t\t\t<div class=\"vc_single_image-wrapper   vc_box_border_grey\"><img width=\"1600\" height=\"1200\" src=\"https:\/\/www.ravzamedikal.com.tr\/wp-content\/uploads\/2019\/09\/2.jpg\" class=\"vc_single_image-img attachment-full\" alt=\"\" loading=\"lazy\" srcset=\"https:\/\/www.ravzamedikal.com.tr\/wp-content\/uploads\/2019\/09\/2.jpg 1600w, https:\/\/www.ravzamedikal.com.tr\/wp-content\/uploads\/2019\/09\/2-300x225.jpg 300w, https:\/\/www.ravzamedikal.com.tr\/wp-content\/uploads\/2019\/09\/2-768x576.jpg 768w, https:\/\/www.ravzamedikal.com.tr\/wp-content\/uploads\/2019\/09\/2-1024x768.jpg 1024w\" sizes=\"(max-width: 1600px) 100vw, 1600px\" \/><\/div>\n\t\t<\/figure>\n\t<\/div>\n<\/div><\/div><\/div><\/div><\/div><\/div><div class=\"vc_row wpb_row vc_row-fluid\"><div class=\"container\"><div class=\"row\"><div class=\"wpb_column vc_column_container vc_col-sm-12\"><div class=\"vc_column-inner\"><div class=\"wpb_wrapper\"><div class=\"vc_empty_space\"   style=\"height: 60px\" ><span class=\"vc_empty_space_inner\"><\/span><\/div>\n<\/div><\/div><\/div><\/div><\/div><\/div>","protected":false},"excerpt":{"rendered":"flexible endoskopi teknik servis Fujinon ve Pentax marka endoskopi cihazlar\u0131n\u0131z\u0131n onar\u0131m\u0131 uzman kadromuz taraf\u0131ndan yap\u0131lmaktad\u0131r. 2. El set yada endoskop sat\u0131\u015flar\u0131m\u0131zla hizmetinizdeyiz. \u0130htiya\u00e7 duydu\u011funuz aksesuar ve endoskopi dolab\u0131 i\u00e7in ileti\u015fime...","protected":false},"author":1,"featured_media":0,"parent":86,"menu_order":0,"comment_status":"closed","ping_status":"closed","template":"template-page_leftbar.php","meta":[],"_links":{"self":[{"href":"https:\/\/www.ravzamedikal.com.tr\/en\/wp-json\/wp\/v2\/pages\/117"}],"collection":[{"href":"https:\/\/www.ravzamedikal.com.tr\/en\/wp-json\/wp\/v2\/pages"}],"about":[{"href":"https:\/\/www.ravzamedikal.com.tr\/en\/wp-json\/wp\/v2\/types\/page"}],"author":[{"embeddable":true,"href":"https:\/\/www.ravzamedikal.com.tr\/en\/wp-json\/wp\/v2\/users\/1"}],"replies":[{"embeddable":true,"href":"https:\/\/www.ravzamedikal.com.tr\/en\/wp-json\/wp\/v2\/comments?post=117"}],"version-history":[{"count":2,"href":"https:\/\/www.ravzamedikal.com.tr\/en\/wp-json\/wp\/v2\/pages\/117\/revisions"}],"predecessor-version":[{"id":239,"href":"https:\/\/www.ravzamedikal.com.tr\/en\/wp-json\/wp\/v2\/pages\/117\/revisions\/239"}],"up":[{"embeddable":true,"href":"https:\/\/www.ravzamedikal.com.tr\/en\/wp-json\/wp\/v2\/pages\/86"}],"wp:attachment":[{"href":"https:\/\/www.ravzamedikal.com.tr\/en\/wp-json\/wp\/v2\/media?parent=117"}],"curies":[{"name":"wp","href":"https:\/\/api.w.org\/{rel}","templated":true}]}}