{"id":113,"date":"2016-02-09T02:50:19","date_gmt":"2016-02-09T02:50:19","guid":{"rendered":"http:\/\/demo.qkthemes.net\/transgo\/?page_id=113"},"modified":"2019-10-02T12:35:14","modified_gmt":"2019-10-02T12:35:14","slug":"rf-odasi-imalati","status":"publish","type":"page","link":"https:\/\/www.ravzamedikal.com.tr\/en\/hizmetlerimiz\/rf-odasi-imalati\/","title":{"rendered":"RF ODASI \u0130MALATI"},"content":{"rendered":"<div class=\"vc_row wpb_row vc_row-fluid\"><div class=\"container\"><div class=\"row\"><div class=\"wpb_column vc_column_container vc_col-sm-7\"><div class=\"vc_column-inner\"><div class=\"wpb_wrapper\">\n\t<div  class=\"wpb_single_image wpb_content_element vc_align_left\">\n\t\t\n\t\t<figure class=\"wpb_wrapper vc_figure\">\n\t\t\t<div class=\"vc_single_image-wrapper   vc_box_border_grey\"><img class=\"vc_single_image-img\" src=\"https:\/\/www.ravzamedikal.com.tr\/wp-content\/uploads\/2019\/10\/0aabafc6-f7c2-4491-87b7-6984a60f0d98-500x250.jpg\" width=\"500\" height=\"250\" alt=\"0aabafc6-f7c2-4491-87b7-6984a60f0d98\" title=\"0aabafc6-f7c2-4491-87b7-6984a60f0d98\" \/><\/div>\n\t\t<\/figure>\n\t<\/div>\n<\/div><\/div><\/div><div class=\"wpb_column vc_column_container vc_col-sm-12\"><div class=\"vc_column-inner\"><div class=\"wpb_wrapper\">\n\t<div class=\"wpb_text_column wpb_content_element  vc_custom_1570019378554\" >\n\t\t<div class=\"wpb_wrapper\">\n\t\t\t<h2>RF ODASI \u0130MALATI<\/h2>\n<p>A\u00e7\u0131k yada kapal\u0131 mr i\u00e7in rf odas\u0131 imalat\u0131m\u0131z ile hizmetinizdeyiz. Dekorasyon<br \/>\ndahil yada dekorasyon hari\u00e7, bak\u0131r yada galvaniz rf odas\u0131 ihtiya\u00e7lar\u0131n\u0131za<br \/>\n\u00e7\u00f6z\u00fcm sunmaktay\u0131z.<\/p>\n\n\t\t<\/div>\n\t<\/div>\n<\/div><\/div><\/div><\/div><\/div><\/div>","protected":false},"excerpt":{"rendered":"RF ODASI \u0130MALATI A\u00e7\u0131k yada kapal\u0131 mr i\u00e7in rf odas\u0131 imalat\u0131m\u0131z ile hizmetinizdeyiz. Dekorasyon dahil yada dekorasyon hari\u00e7, bak\u0131r yada galvaniz rf odas\u0131 ihtiya\u00e7lar\u0131n\u0131za \u00e7\u00f6z\u00fcm sunmaktay\u0131z.","protected":false},"author":1,"featured_media":0,"parent":86,"menu_order":0,"comment_status":"closed","ping_status":"closed","template":"template-page_leftbar.php","meta":[],"_links":{"self":[{"href":"https:\/\/www.ravzamedikal.com.tr\/en\/wp-json\/wp\/v2\/pages\/113"}],"collection":[{"href":"https:\/\/www.ravzamedikal.com.tr\/en\/wp-json\/wp\/v2\/pages"}],"about":[{"href":"https:\/\/www.ravzamedikal.com.tr\/en\/wp-json\/wp\/v2\/types\/page"}],"author":[{"embeddable":true,"href":"https:\/\/www.ravzamedikal.com.tr\/en\/wp-json\/wp\/v2\/users\/1"}],"replies":[{"embeddable":true,"href":"https:\/\/www.ravzamedikal.com.tr\/en\/wp-json\/wp\/v2\/comments?post=113"}],"version-history":[{"count":6,"href":"https:\/\/www.ravzamedikal.com.tr\/en\/wp-json\/wp\/v2\/pages\/113\/revisions"}],"predecessor-version":[{"id":249,"href":"https:\/\/www.ravzamedikal.com.tr\/en\/wp-json\/wp\/v2\/pages\/113\/revisions\/249"}],"up":[{"embeddable":true,"href":"https:\/\/www.ravzamedikal.com.tr\/en\/wp-json\/wp\/v2\/pages\/86"}],"wp:attachment":[{"href":"https:\/\/www.ravzamedikal.com.tr\/en\/wp-json\/wp\/v2\/media?parent=113"}],"curies":[{"name":"wp","href":"https:\/\/api.w.org\/{rel}","templated":true}]}}